{"id":7860,"date":"2025-05-12T20:25:11","date_gmt":"2025-05-12T20:25:11","guid":{"rendered":"https:\/\/teyzee.com\/?post_type=product&#038;p=7860"},"modified":"2025-06-10T21:33:33","modified_gmt":"2025-06-10T21:33:33","slug":"dogadan-dogal-tas-kalp-gorunumlu-ametist-kupe","status":"publish","type":"product","link":"https:\/\/teyzee.com\/?product=dogadan-dogal-tas-kalp-gorunumlu-ametist-kupe","title":{"rendered":"Do\u011fadan Do\u011fal Ta\u015f Kalp g\u00f6r\u00fcn\u00fcml\u00fc Ametist K\u00fcpe"},"content":{"rendered":"<div>\n<div><b>Ametist Ta\u015f\u0131n\u0131n B\u00fcy\u00fcs\u00fc<\/b><\/div>\n<div>Do\u011fan\u0131n hediyesi olan ametist, asaletin ve zarafetin ta\u015f\u0131 olarak bilinir. Kendine \u00f6zg\u00fc mor tonlar\u0131yla hem huzur verir hem de \u015f\u0131kl\u0131\u011f\u0131 tamamlar. Ametist ta\u015f\u0131, enerji dengeleyici \u00f6zellikleriyle negatif enerjiyi uzakla\u015ft\u0131rd\u0131\u011f\u0131na ve ruhsal dinginlik sa\u011flad\u0131\u011f\u0131na inan\u0131l\u0131r.<\/div>\n<p>Bu e\u015fsiz ta\u015f, sadece bir aksesuar de\u011fil; ayn\u0131 zamanda g\u00fc\u00e7l\u00fc bir enerji kayna\u011f\u0131d\u0131r. Ametist tak\u0131lar\u0131 tercih edenlerin \u00e7evresine pozitif bir hava yayd\u0131\u011f\u0131 ve zarif bir duru\u015f sergiledi\u011fi d\u00fc\u015f\u00fcn\u00fcl\u00fcr. \u015e\u0131kl\u0131\u011f\u0131n\u0131z\u0131 tamamlayan bu ta\u015fla hem ruhunuzu hem de stilinizi g\u00fczelle\u015ftirin. \ud83d\udc9c<\/p>\n<div><\/div>\n<\/div>\n","protected":false},"excerpt":{"rendered":"<p>Ametist Ta\u015f\u0131n\u0131n B\u00fcy\u00fcs\u00fc Do\u011fan\u0131n hediyesi olan ametist, asaletin ve zarafetin ta\u015f\u0131 olarak bilinir. Kendine \u00f6zg\u00fc mor tonlar\u0131yla hem huzur verir hem de \u015f\u0131kl\u0131\u011f\u0131 tamamlar. Ametist ta\u015f\u0131, enerji dengeleyici \u00f6zellikleriyle negatif enerjiyi uzakla\u015ft\u0131rd\u0131\u011f\u0131na ve ruhsal dinginlik sa\u011flad\u0131\u011f\u0131na inan\u0131l\u0131r. Bu e\u015fsiz ta\u015f, sadece bir aksesuar de\u011fil; ayn\u0131 zamanda g\u00fc\u00e7l\u00fc bir enerji kayna\u011f\u0131d\u0131r. Ametist tak\u0131lar\u0131 tercih edenlerin \u00e7evresine pozitif bir hava yayd\u0131\u011f\u0131 ve\u2026<\/p>\n","protected":false},"featured_media":7861,"comment_status":"open","ping_status":"closed","template":"","meta":[],"product_brand":[],"product_cat":[78,75],"product_tag":[],"class_list":{"0":"post-7860","1":"product","2":"type-product","3":"status-publish","4":"has-post-thumbnail","6":"product_cat-kupe","7":"product_cat-taki-aksesuar","9":"first","10":"instock","11":"shipping-taxable","12":"purchasable","13":"product-type-simple"},"jetpack_sharing_enabled":true,"_links":{"self":[{"href":"https:\/\/teyzee.com\/index.php?rest_route=\/wp\/v2\/product\/7860","targetHints":{"allow":["GET"]}}],"collection":[{"href":"https:\/\/teyzee.com\/index.php?rest_route=\/wp\/v2\/product"}],"about":[{"href":"https:\/\/teyzee.com\/index.php?rest_route=\/wp\/v2\/types\/product"}],"replies":[{"embeddable":true,"href":"https:\/\/teyzee.com\/index.php?rest_route=%2Fwp%2Fv2%2Fcomments&post=7860"}],"wp:featuredmedia":[{"embeddable":true,"href":"https:\/\/teyzee.com\/index.php?rest_route=\/wp\/v2\/media\/7861"}],"wp:attachment":[{"href":"https:\/\/teyzee.com\/index.php?rest_route=%2Fwp%2Fv2%2Fmedia&parent=7860"}],"wp:term":[{"taxonomy":"product_brand","embeddable":true,"href":"https:\/\/teyzee.com\/index.php?rest_route=%2Fwp%2Fv2%2Fproduct_brand&post=7860"},{"taxonomy":"product_cat","embeddable":true,"href":"https:\/\/teyzee.com\/index.php?rest_route=%2Fwp%2Fv2%2Fproduct_cat&post=7860"},{"taxonomy":"product_tag","embeddable":true,"href":"https:\/\/teyzee.com\/index.php?rest_route=%2Fwp%2Fv2%2Fproduct_tag&post=7860"}],"curies":[{"name":"wp","href":"https:\/\/api.w.org\/{rel}","templated":true}]}}